{"id":2,"date":"2024-10-19T13:18:08","date_gmt":"2024-10-19T16:18:08","guid":{"rendered":"https:\/\/jeffersoncamargo.test\/dev\/?page_id=2"},"modified":"2024-10-21T21:54:47","modified_gmt":"2024-10-22T00:54:47","slug":"pagina-exemplo","status":"publish","type":"page","link":"https:\/\/www.jeffersoncamargo.com\/dev\/pagina-exemplo\/","title":{"rendered":"Sobre mim"},"content":{"rendered":"\n<p>Sou <strong>Jefferson Camargo<\/strong>, um apaixonado por tecnologia e m\u00fasica, em uma jornada constante de aprendizado e evolu\u00e7\u00e3o. Desde que comecei minha carreira como desenvolvedor, <strong>h\u00e1 mais de 16 anos<\/strong>, meu foco tem sido criar solu\u00e7\u00f5es inteligentes e eficientes, sempre buscando aprender e compartilhar conhecimento.<\/p>\n\n\n\n<p>Minha caminhada na programa\u00e7\u00e3o come\u00e7ou cedo, motivada pela curiosidade de entender como as coisas funcionam por tr\u00e1s das telas. Ao longo dos anos, me especializei em <strong>PHP<\/strong> e frameworks como <strong>Laravel<\/strong>, Zend, CakePHP e Codeigniter, construindo uma carreira s\u00f3lida com projetos desafiadores e gratificantes. Al\u00e9m de minha experi\u00eancia profissional, sou um entusiasta por novas tecnologias, sempre em busca de estudar e dominar novas linguagens como parte do meu crescimento cont\u00ednuo. As bolas da vez s\u00e3o o <strong>React<\/strong>, com o qual tenho flertado desde 2022, e <strong>desenvolvimento mobile<\/strong>, no qual estou me aprofundando mais aogra, em 2024.<\/p>\n\n\n\n<p>Al\u00e9m disso, me aventuro em todas as \u00e1reas que tangem projetos <strong>Web e Mobile<\/strong>, como cria\u00e7\u00e3o e administra\u00e7\u00e3o de servidores, usabilidade, <strong>SEO<\/strong>, <strong>UX<\/strong> e <strong>copyrighting<\/strong>. Acredito fortemente que estar a par do que se passa em cada uma das \u00e1reas dos projetos me permite uma imers\u00e3o maior e um cuidado com aquilo que o cliente espera receber como entrega.<\/p>\n\n\n\n<p>O que me move \u00e9 a busca por inova\u00e7\u00e3o e evolu\u00e7\u00e3o. Cada linha de c\u00f3digo \u00e9 uma oportunidade de resolver problemas e criar algo melhor. Como membro da <strong><a href=\"https:\/\/www.redemagic.com\/\" target=\"_blank\" rel=\"noreferrer noopener nofollow\">Rede Magic<\/a><\/strong>, tenho o privil\u00e9gio de trabalhar com outros profissionais dedicados, onde trocamos experi\u00eancias e desenvolvemos projetos que impactam diretamente o mercado promocional.<\/p>\n\n\n\n<p>Criei este blog para compartilhar o que aprendo diariamente, tanto no lado t\u00e9cnico quanto no pessoal. Aqui voc\u00ea vai encontrar insights sobre <strong>PHP<\/strong>, <strong>novas tecnologias<\/strong> e linguagens que estudo, e tamb\u00e9m reflex\u00f5es sobre como equilibrar a <strong>vida de desenvolvedor<\/strong> com o <strong>crescimento pessoal<\/strong>. Acredito que, juntos, podemos crescer e evoluir como profissionais e seres humanos.<\/p>\n\n\n\n<p>A <strong>m\u00fasica<\/strong> sempre foi uma parte importante da minha vida. Como <strong>baixista<\/strong>, <strong>violonista<\/strong> e <strong>tecladista<\/strong>, comecei minha jornada musical em 1999, e isso me ajudou a desenvolver um senso criativo que aplico diariamente na programa\u00e7\u00e3o. A m\u00fasica tamb\u00e9m me ensina disciplina, colabora\u00e7\u00e3o e a busca pela perfei\u00e7\u00e3o, habilidades que levo para o desenvolvimento de software. Se quiser acompanhar um pouco do meu lado m\u00fasico amador,<strong> <a href=\"https:\/\/www.jeffersoncamargo.com\/music\" target=\"_blank\" rel=\"noreferrer noopener nofollow\">clique aqui<\/a>!<\/strong><\/p>\n\n\n\n<p>Depois de tudo isso, mesmo j\u00e1 passando da casa dos 30, <strong>ainda tenho um sonho<\/strong>: estudar <strong>Direito<\/strong> para agregar ainda mais na minha carreira de desenvolvedor, n\u00e3o trocar de \u00e1rea, apenas agregar. Quem sabe?<\/p>\n\n\n\n<p>Se voc\u00ea se identifica com minha trajet\u00f3ria ou tem interesse em colaborar em projetos, <strong>sinta-se \u00e0 vontade para me contatar<\/strong>. Ser\u00e1 um prazer compartilhar ideias e construir juntos algo inovador!<\/p>\n\n\n\n<p><strong>Seja muito bem-vindo<\/strong>.<\/p>\n\n\n\n<p><\/p>\n","protected":false},"excerpt":{"rendered":"<p>Sou Jefferson Camargo, um apaixonado por tecnologia e m\u00fasica, em uma jornada constante de aprendizado e evolu\u00e7\u00e3o. Desde que comecei minha carreira como desenvolvedor, h\u00e1 mais de 16 anos, meu foco tem sido criar solu\u00e7\u00f5es inteligentes e eficientes, sempre buscando aprender e compartilhar conhecimento. Minha caminhada na programa\u00e7\u00e3o come\u00e7ou cedo, motivada pela curiosidade de entender&#8230;<\/p>\n","protected":false},"author":1,"featured_media":0,"parent":0,"menu_order":0,"comment_status":"closed","ping_status":"open","template":"","meta":{"_kad_post_transparent":"","_kad_post_title":"","_kad_post_layout":"","_kad_post_sidebar_id":"","_kad_post_content_style":"","_kad_post_vertical_padding":"","_kad_post_feature":"","_kad_post_feature_position":"","_kad_post_header":false,"_kad_post_footer":false,"footnotes":""},"class_list":["post-2","page","type-page","status-publish","hentry"],"yoast_head":"<!-- This site is optimized with the Yoast SEO plugin v23.6 - https:\/\/yoast.com\/wordpress\/plugins\/seo\/ -->\n<title>Sobre mim - Jefferson Camargo<\/title>\n<meta name=\"robots\" content=\"index, follow, max-snippet:-1, max-image-preview:large, max-video-preview:-1\" \/>\n<link rel=\"canonical\" href=\"https:\/\/www.jeffersoncamargo.com\/dev\/pagina-exemplo\/\" \/>\n<meta property=\"og:locale\" content=\"pt_BR\" \/>\n<meta property=\"og:type\" content=\"article\" \/>\n<meta property=\"og:title\" content=\"Sobre mim - Jefferson Camargo\" \/>\n<meta property=\"og:description\" content=\"Sou Jefferson Camargo, um apaixonado por tecnologia e m\u00fasica, em uma jornada constante de aprendizado e evolu\u00e7\u00e3o. Desde que comecei minha carreira como desenvolvedor, h\u00e1 mais de 16 anos, meu foco tem sido criar solu\u00e7\u00f5es inteligentes e eficientes, sempre buscando aprender e compartilhar conhecimento. Minha caminhada na programa\u00e7\u00e3o come\u00e7ou cedo, motivada pela curiosidade de entender...\" \/>\n<meta property=\"og:url\" content=\"https:\/\/www.jeffersoncamargo.com\/dev\/pagina-exemplo\/\" \/>\n<meta property=\"og:site_name\" content=\"Jefferson Camargo\" \/>\n<meta property=\"article:modified_time\" content=\"2024-10-22T00:54:47+00:00\" \/>\n<meta name=\"twitter:card\" content=\"summary_large_image\" \/>\n<meta name=\"twitter:label1\" content=\"Est. reading time\" \/>\n\t<meta name=\"twitter:data1\" content=\"2 minutos\" \/>\n<script type=\"application\/ld+json\" class=\"yoast-schema-graph\">{\"@context\":\"https:\/\/schema.org\",\"@graph\":[{\"@type\":\"WebPage\",\"@id\":\"https:\/\/www.jeffersoncamargo.com\/dev\/pagina-exemplo\/\",\"url\":\"https:\/\/www.jeffersoncamargo.com\/dev\/pagina-exemplo\/\",\"name\":\"Sobre mim - Jefferson Camargo\",\"isPartOf\":{\"@id\":\"https:\/\/www.jeffersoncamargo.com\/dev\/#website\"},\"datePublished\":\"2024-10-19T16:18:08+00:00\",\"dateModified\":\"2024-10-22T00:54:47+00:00\",\"breadcrumb\":{\"@id\":\"https:\/\/www.jeffersoncamargo.com\/dev\/pagina-exemplo\/#breadcrumb\"},\"inLanguage\":\"pt-BR\",\"potentialAction\":[{\"@type\":\"ReadAction\",\"target\":[\"https:\/\/www.jeffersoncamargo.com\/dev\/pagina-exemplo\/\"]}]},{\"@type\":\"BreadcrumbList\",\"@id\":\"https:\/\/www.jeffersoncamargo.com\/dev\/pagina-exemplo\/#breadcrumb\",\"itemListElement\":[{\"@type\":\"ListItem\",\"position\":1,\"name\":\"Home\",\"item\":\"https:\/\/www.jeffersoncamargo.com\/dev\/\"},{\"@type\":\"ListItem\",\"position\":2,\"name\":\"Sobre mim\"}]},{\"@type\":\"WebSite\",\"@id\":\"https:\/\/www.jeffersoncamargo.com\/dev\/#website\",\"url\":\"https:\/\/www.jeffersoncamargo.com\/dev\/\",\"name\":\"Jefferson Camargo\",\"description\":\"Developer\",\"publisher\":{\"@id\":\"https:\/\/www.jeffersoncamargo.com\/dev\/#\/schema\/person\/6142baf4fa2912cc20fc2a0d3a32fb5e\"},\"potentialAction\":[{\"@type\":\"SearchAction\",\"target\":{\"@type\":\"EntryPoint\",\"urlTemplate\":\"https:\/\/www.jeffersoncamargo.com\/dev\/?s={search_term_string}\"},\"query-input\":{\"@type\":\"PropertyValueSpecification\",\"valueRequired\":true,\"valueName\":\"search_term_string\"}}],\"inLanguage\":\"pt-BR\"},{\"@type\":[\"Person\",\"Organization\"],\"@id\":\"https:\/\/www.jeffersoncamargo.com\/dev\/#\/schema\/person\/6142baf4fa2912cc20fc2a0d3a32fb5e\",\"name\":\"jefferson\",\"image\":{\"@type\":\"ImageObject\",\"inLanguage\":\"pt-BR\",\"@id\":\"https:\/\/www.jeffersoncamargo.com\/dev\/#\/schema\/person\/image\/\",\"url\":\"https:\/\/www.jeffersoncamargo.com\/dev\/wp-content\/uploads\/2024\/10\/cropped-cropped-Marca.png\",\"contentUrl\":\"https:\/\/www.jeffersoncamargo.com\/dev\/wp-content\/uploads\/2024\/10\/cropped-cropped-Marca.png\",\"width\":512,\"height\":360,\"caption\":\"jefferson\"},\"logo\":{\"@id\":\"https:\/\/www.jeffersoncamargo.com\/dev\/#\/schema\/person\/image\/\"},\"sameAs\":[\"https:\/\/jeffersoncamargo.test\/dev\"]}]}<\/script>\n<!-- \/ Yoast SEO plugin. -->","yoast_head_json":{"title":"Sobre mim - Jefferson Camargo","robots":{"index":"index","follow":"follow","max-snippet":"max-snippet:-1","max-image-preview":"max-image-preview:large","max-video-preview":"max-video-preview:-1"},"canonical":"https:\/\/www.jeffersoncamargo.com\/dev\/pagina-exemplo\/","og_locale":"pt_BR","og_type":"article","og_title":"Sobre mim - Jefferson Camargo","og_description":"Sou Jefferson Camargo, um apaixonado por tecnologia e m\u00fasica, em uma jornada constante de aprendizado e evolu\u00e7\u00e3o. Desde que comecei minha carreira como desenvolvedor, h\u00e1 mais de 16 anos, meu foco tem sido criar solu\u00e7\u00f5es inteligentes e eficientes, sempre buscando aprender e compartilhar conhecimento. Minha caminhada na programa\u00e7\u00e3o come\u00e7ou cedo, motivada pela curiosidade de entender...","og_url":"https:\/\/www.jeffersoncamargo.com\/dev\/pagina-exemplo\/","og_site_name":"Jefferson Camargo","article_modified_time":"2024-10-22T00:54:47+00:00","twitter_card":"summary_large_image","twitter_misc":{"Est. reading time":"2 minutos"},"schema":{"@context":"https:\/\/schema.org","@graph":[{"@type":"WebPage","@id":"https:\/\/www.jeffersoncamargo.com\/dev\/pagina-exemplo\/","url":"https:\/\/www.jeffersoncamargo.com\/dev\/pagina-exemplo\/","name":"Sobre mim - Jefferson Camargo","isPartOf":{"@id":"https:\/\/www.jeffersoncamargo.com\/dev\/#website"},"datePublished":"2024-10-19T16:18:08+00:00","dateModified":"2024-10-22T00:54:47+00:00","breadcrumb":{"@id":"https:\/\/www.jeffersoncamargo.com\/dev\/pagina-exemplo\/#breadcrumb"},"inLanguage":"pt-BR","potentialAction":[{"@type":"ReadAction","target":["https:\/\/www.jeffersoncamargo.com\/dev\/pagina-exemplo\/"]}]},{"@type":"BreadcrumbList","@id":"https:\/\/www.jeffersoncamargo.com\/dev\/pagina-exemplo\/#breadcrumb","itemListElement":[{"@type":"ListItem","position":1,"name":"Home","item":"https:\/\/www.jeffersoncamargo.com\/dev\/"},{"@type":"ListItem","position":2,"name":"Sobre mim"}]},{"@type":"WebSite","@id":"https:\/\/www.jeffersoncamargo.com\/dev\/#website","url":"https:\/\/www.jeffersoncamargo.com\/dev\/","name":"Jefferson Camargo","description":"Developer","publisher":{"@id":"https:\/\/www.jeffersoncamargo.com\/dev\/#\/schema\/person\/6142baf4fa2912cc20fc2a0d3a32fb5e"},"potentialAction":[{"@type":"SearchAction","target":{"@type":"EntryPoint","urlTemplate":"https:\/\/www.jeffersoncamargo.com\/dev\/?s={search_term_string}"},"query-input":{"@type":"PropertyValueSpecification","valueRequired":true,"valueName":"search_term_string"}}],"inLanguage":"pt-BR"},{"@type":["Person","Organization"],"@id":"https:\/\/www.jeffersoncamargo.com\/dev\/#\/schema\/person\/6142baf4fa2912cc20fc2a0d3a32fb5e","name":"jefferson","image":{"@type":"ImageObject","inLanguage":"pt-BR","@id":"https:\/\/www.jeffersoncamargo.com\/dev\/#\/schema\/person\/image\/","url":"https:\/\/www.jeffersoncamargo.com\/dev\/wp-content\/uploads\/2024\/10\/cropped-cropped-Marca.png","contentUrl":"https:\/\/www.jeffersoncamargo.com\/dev\/wp-content\/uploads\/2024\/10\/cropped-cropped-Marca.png","width":512,"height":360,"caption":"jefferson"},"logo":{"@id":"https:\/\/www.jeffersoncamargo.com\/dev\/#\/schema\/person\/image\/"},"sameAs":["https:\/\/jeffersoncamargo.test\/dev"]}]}},"_links":{"self":[{"href":"https:\/\/www.jeffersoncamargo.com\/dev\/wp-json\/wp\/v2\/pages\/2"}],"collection":[{"href":"https:\/\/www.jeffersoncamargo.com\/dev\/wp-json\/wp\/v2\/pages"}],"about":[{"href":"https:\/\/www.jeffersoncamargo.com\/dev\/wp-json\/wp\/v2\/types\/page"}],"author":[{"embeddable":true,"href":"https:\/\/www.jeffersoncamargo.com\/dev\/wp-json\/wp\/v2\/users\/1"}],"replies":[{"embeddable":true,"href":"https:\/\/www.jeffersoncamargo.com\/dev\/wp-json\/wp\/v2\/comments?post=2"}],"version-history":[{"count":2,"href":"https:\/\/www.jeffersoncamargo.com\/dev\/wp-json\/wp\/v2\/pages\/2\/revisions"}],"predecessor-version":[{"id":30,"href":"https:\/\/www.jeffersoncamargo.com\/dev\/wp-json\/wp\/v2\/pages\/2\/revisions\/30"}],"wp:attachment":[{"href":"https:\/\/www.jeffersoncamargo.com\/dev\/wp-json\/wp\/v2\/media?parent=2"}],"curies":[{"name":"wp","href":"https:\/\/api.w.org\/{rel}","templated":true}]}}